{"id":697,"date":"2025-02-17T15:22:11","date_gmt":"2025-02-17T15:22:11","guid":{"rendered":"https:\/\/maisonbentlalla.com\/producto\/elegancia-marroqui-caftan-exquisito\/"},"modified":"2025-02-17T15:22:11","modified_gmt":"2025-02-17T15:22:11","slug":"elegancia-marroqui-caftan-exquisito","status":"publish","type":"product","link":"https:\/\/maisonbentlalla.com\/ar\/producto\/elegancia-marroqui-caftan-exquisito\/","title":{"rendered":"Elegancia Marroqu\u00ed: Caft\u00e1n Exquisito"},"content":{"rendered":"<p>Descubre la sofisticaci\u00f3n del caft\u00e1n tradicional marroqu\u00ed. Perfecto para eventos especiales o uso diario, combinando elegancia y comodidad.<\/p>\n","protected":false},"excerpt":{"rendered":"<p>Sofisticado caft\u00e1n tradicional, ideal para cualquier ocasi\u00f3n.<\/p>\n","protected":false},"featured_media":679,"comment_status":"open","ping_status":"closed","template":"","meta":{"_acf_changed":false,"iawp_total_views":75},"marca":[54,72],"product_brand":[],"product_cat":[109,110],"product_tag":[111,112,113],"class_list":{"0":"post-697","1":"product","2":"type-product","3":"status-publish","4":"has-post-thumbnail","6":"marca-bent-lalla","7":"marca-exclusivo","8":"product_cat-moda-marroqui-ar","9":"product_cat-ropa-tradicional-ar","10":"product_tag-autenticidad-ar","11":"product_tag-caftan-ar","12":"product_tag-lujo-ar","14":"first","15":"instock","16":"shipping-taxable","17":"purchasable","18":"product-type-simple"},"acf":[],"yoast_head":"<!-- This site is optimized with the Yoast SEO plugin v27.4 - https:\/\/yoast.com\/product\/yoast-seo-wordpress\/ -->\n<title>Elegancia Marroqu\u00ed: Caft\u00e1n Exquisito - BENT LALLA<\/title>\n<meta name=\"robots\" content=\"index, follow, max-snippet:-1, max-image-preview:large, max-video-preview:-1\" \/>\n<link rel=\"canonical\" href=\"https:\/\/maisonbentlalla.com\/ar\/producto\/elegancia-marroqui-caftan-exquisito\/\" \/>\n<meta property=\"og:locale\" content=\"ar_AR\" \/>\n<meta property=\"og:type\" content=\"article\" \/>\n<meta property=\"og:title\" content=\"Elegancia Marroqu\u00ed: Caft\u00e1n Exquisito - BENT LALLA\" \/>\n<meta property=\"og:description\" content=\"Sofisticado caft\u00e1n tradicional, ideal para cualquier ocasi\u00f3n.\" \/>\n<meta property=\"og:url\" content=\"https:\/\/maisonbentlalla.com\/ar\/producto\/elegancia-marroqui-caftan-exquisito\/\" \/>\n<meta property=\"og:site_name\" content=\"BENT LALLA\" \/>\n<meta property=\"og:image\" content=\"https:\/\/maisonbentlalla.com\/wp-content\/uploads\/2025\/02\/Leonardo_Vision_XL_Caftn_marroqu_elegante_en_un_entorno_minima_0.jpg\" \/>\n\t<meta property=\"og:image:width\" content=\"1792\" \/>\n\t<meta property=\"og:image:height\" content=\"1456\" \/>\n\t<meta property=\"og:image:type\" content=\"image\/jpeg\" \/>\n<meta name=\"twitter:card\" content=\"summary_large_image\" \/>\n<!-- \/ Yoast SEO plugin. -->","yoast_head_json":{"title":"Elegancia Marroqu\u00ed: Caft\u00e1n Exquisito - BENT LALLA","robots":{"index":"index","follow":"follow","max-snippet":"max-snippet:-1","max-image-preview":"max-image-preview:large","max-video-preview":"max-video-preview:-1"},"canonical":"https:\/\/maisonbentlalla.com\/ar\/producto\/elegancia-marroqui-caftan-exquisito\/","og_locale":"ar_AR","og_type":"article","og_title":"Elegancia Marroqu\u00ed: Caft\u00e1n Exquisito - BENT LALLA","og_description":"Sofisticado caft\u00e1n tradicional, ideal para cualquier ocasi\u00f3n.","og_url":"https:\/\/maisonbentlalla.com\/ar\/producto\/elegancia-marroqui-caftan-exquisito\/","og_site_name":"BENT LALLA","og_image":[{"width":1792,"height":1456,"url":"https:\/\/maisonbentlalla.com\/wp-content\/uploads\/2025\/02\/Leonardo_Vision_XL_Caftn_marroqu_elegante_en_un_entorno_minima_0.jpg","type":"image\/jpeg"}],"twitter_card":"summary_large_image","schema":{"@context":"https:\/\/schema.org","@graph":[{"@type":"WebPage","@id":"https:\/\/maisonbentlalla.com\/ar\/producto\/elegancia-marroqui-caftan-exquisito\/","url":"https:\/\/maisonbentlalla.com\/ar\/producto\/elegancia-marroqui-caftan-exquisito\/","name":"Elegancia Marroqu\u00ed: Caft\u00e1n Exquisito - BENT LALLA","isPartOf":{"@id":"https:\/\/maisonbentlalla.com\/ar\/#website"},"primaryImageOfPage":{"@id":"https:\/\/maisonbentlalla.com\/ar\/producto\/elegancia-marroqui-caftan-exquisito\/#primaryimage"},"image":{"@id":"https:\/\/maisonbentlalla.com\/ar\/producto\/elegancia-marroqui-caftan-exquisito\/#primaryimage"},"thumbnailUrl":"https:\/\/maisonbentlalla.com\/wp-content\/uploads\/2025\/02\/Leonardo_Vision_XL_Caftn_marroqu_elegante_en_un_entorno_minima_0.jpg","datePublished":"2025-02-17T15:22:11+00:00","breadcrumb":{"@id":"https:\/\/maisonbentlalla.com\/ar\/producto\/elegancia-marroqui-caftan-exquisito\/#breadcrumb"},"inLanguage":"ar","potentialAction":[{"@type":"ReadAction","target":["https:\/\/maisonbentlalla.com\/ar\/producto\/elegancia-marroqui-caftan-exquisito\/"]}]},{"@type":"ImageObject","inLanguage":"ar","@id":"https:\/\/maisonbentlalla.com\/ar\/producto\/elegancia-marroqui-caftan-exquisito\/#primaryimage","url":"https:\/\/maisonbentlalla.com\/wp-content\/uploads\/2025\/02\/Leonardo_Vision_XL_Caftn_marroqu_elegante_en_un_entorno_minima_0.jpg","contentUrl":"https:\/\/maisonbentlalla.com\/wp-content\/uploads\/2025\/02\/Leonardo_Vision_XL_Caftn_marroqu_elegante_en_un_entorno_minima_0.jpg","width":1792,"height":1456},{"@type":"BreadcrumbList","@id":"https:\/\/maisonbentlalla.com\/ar\/producto\/elegancia-marroqui-caftan-exquisito\/#breadcrumb","itemListElement":[{"@type":"ListItem","position":1,"name":"Portada","item":"https:\/\/maisonbentlalla.com\/ar\/"},{"@type":"ListItem","position":2,"name":"Tienda","item":"https:\/\/maisonbentlalla.com\/ar\/tienda\/"},{"@type":"ListItem","position":3,"name":"Elegancia Marroqu\u00ed: Caft\u00e1n Exquisito"}]},{"@type":"WebSite","@id":"https:\/\/maisonbentlalla.com\/ar\/#website","url":"https:\/\/maisonbentlalla.com\/ar\/","name":"BENT LALLA","description":"","potentialAction":[{"@type":"SearchAction","target":{"@type":"EntryPoint","urlTemplate":"https:\/\/maisonbentlalla.com\/ar\/?s={search_term_string}"},"query-input":{"@type":"PropertyValueSpecification","valueRequired":true,"valueName":"search_term_string"}}],"inLanguage":"ar"}]}},"_links":{"self":[{"href":"https:\/\/maisonbentlalla.com\/ar\/wp-json\/wp\/v2\/product\/697","targetHints":{"allow":["GET"]}}],"collection":[{"href":"https:\/\/maisonbentlalla.com\/ar\/wp-json\/wp\/v2\/product"}],"about":[{"href":"https:\/\/maisonbentlalla.com\/ar\/wp-json\/wp\/v2\/types\/product"}],"replies":[{"embeddable":true,"href":"https:\/\/maisonbentlalla.com\/ar\/wp-json\/wp\/v2\/comments?post=697"}],"wp:featuredmedia":[{"embeddable":true,"href":"https:\/\/maisonbentlalla.com\/ar\/wp-json\/wp\/v2\/media\/679"}],"wp:attachment":[{"href":"https:\/\/maisonbentlalla.com\/ar\/wp-json\/wp\/v2\/media?parent=697"}],"wp:term":[{"taxonomy":"marca","embeddable":true,"href":"https:\/\/maisonbentlalla.com\/ar\/wp-json\/wp\/v2\/marca?post=697"},{"taxonomy":"product_brand","embeddable":true,"href":"https:\/\/maisonbentlalla.com\/ar\/wp-json\/wp\/v2\/product_brand?post=697"},{"taxonomy":"product_cat","embeddable":true,"href":"https:\/\/maisonbentlalla.com\/ar\/wp-json\/wp\/v2\/product_cat?post=697"},{"taxonomy":"product_tag","embeddable":true,"href":"https:\/\/maisonbentlalla.com\/ar\/wp-json\/wp\/v2\/product_tag?post=697"}],"curies":[{"name":"wp","href":"https:\/\/api.w.org\/{rel}","templated":true}]}}