{"id":699,"date":"2025-02-17T15:20:21","date_gmt":"2025-02-17T15:20:21","guid":{"rendered":"https:\/\/maisonbentlalla.com\/producto\/caftan-elegante-bordado-en-oro\/"},"modified":"2025-02-17T15:20:21","modified_gmt":"2025-02-17T15:20:21","slug":"caftan-elegante-bordado-en-oro","status":"publish","type":"product","link":"https:\/\/maisonbentlalla.com\/ar\/producto\/caftan-elegante-bordado-en-oro\/","title":{"rendered":"Caft\u00e1n Elegante Bordado en Oro"},"content":{"rendered":"<p>Este exquisito caft\u00e1n marroqu\u00ed combina tradici\u00f3n y elegancia, confeccionado con finos bordados dorados para realzar cualquier ocasi\u00f3n especial.<\/p>\n","protected":false},"excerpt":{"rendered":"<p>Caft\u00e1n marroqu\u00ed elegante con bordados dorados, perfecto para eventos.<\/p>\n","protected":false},"featured_media":653,"comment_status":"open","ping_status":"closed","template":"","meta":{"_acf_changed":false,"iawp_total_views":0},"marca":[54,103],"product_brand":[],"product_cat":[114,110],"product_tag":[118,112,119],"class_list":{"0":"post-699","1":"product","2":"type-product","3":"status-publish","4":"has-post-thumbnail","6":"marca-bent-lalla","7":"marca-tradicion-marroqui","8":"product_cat-caftanes-ar","9":"product_cat-ropa-tradicional-ar","10":"product_tag-bordados-ar","11":"product_tag-caftan-ar","12":"product_tag-elegancia-ar","14":"first","15":"instock","16":"sale","17":"shipping-taxable","18":"purchasable","19":"product-type-simple"},"acf":[],"yoast_head":"<!-- This site is optimized with the Yoast SEO plugin v27.4 - https:\/\/yoast.com\/product\/yoast-seo-wordpress\/ -->\n<title>Caft\u00e1n Elegante Bordado en Oro - BENT LALLA<\/title>\n<meta name=\"robots\" content=\"index, follow, max-snippet:-1, max-image-preview:large, max-video-preview:-1\" \/>\n<link rel=\"canonical\" href=\"https:\/\/maisonbentlalla.com\/ar\/producto\/caftan-elegante-bordado-en-oro\/\" \/>\n<meta property=\"og:locale\" content=\"ar_AR\" \/>\n<meta property=\"og:type\" content=\"article\" \/>\n<meta property=\"og:title\" content=\"Caft\u00e1n Elegante Bordado en Oro - BENT LALLA\" \/>\n<meta property=\"og:description\" content=\"Caft\u00e1n marroqu\u00ed elegante con bordados dorados, perfecto para eventos.\" \/>\n<meta property=\"og:url\" content=\"https:\/\/maisonbentlalla.com\/ar\/producto\/caftan-elegante-bordado-en-oro\/\" \/>\n<meta property=\"og:site_name\" content=\"BENT LALLA\" \/>\n<meta property=\"og:image\" content=\"https:\/\/maisonbentlalla.com\/wp-content\/uploads\/2025\/02\/Leonardo_Vision_XL_Un_elegante_caftn_marroqu_presentado_en_un_0.jpg\" \/>\n\t<meta property=\"og:image:width\" content=\"1792\" \/>\n\t<meta property=\"og:image:height\" content=\"1456\" \/>\n\t<meta property=\"og:image:type\" content=\"image\/jpeg\" \/>\n<meta name=\"twitter:card\" content=\"summary_large_image\" \/>\n<!-- \/ Yoast SEO plugin. -->","yoast_head_json":{"title":"Caft\u00e1n Elegante Bordado en Oro - BENT LALLA","robots":{"index":"index","follow":"follow","max-snippet":"max-snippet:-1","max-image-preview":"max-image-preview:large","max-video-preview":"max-video-preview:-1"},"canonical":"https:\/\/maisonbentlalla.com\/ar\/producto\/caftan-elegante-bordado-en-oro\/","og_locale":"ar_AR","og_type":"article","og_title":"Caft\u00e1n Elegante Bordado en Oro - BENT LALLA","og_description":"Caft\u00e1n marroqu\u00ed elegante con bordados dorados, perfecto para eventos.","og_url":"https:\/\/maisonbentlalla.com\/ar\/producto\/caftan-elegante-bordado-en-oro\/","og_site_name":"BENT LALLA","og_image":[{"width":1792,"height":1456,"url":"https:\/\/maisonbentlalla.com\/wp-content\/uploads\/2025\/02\/Leonardo_Vision_XL_Un_elegante_caftn_marroqu_presentado_en_un_0.jpg","type":"image\/jpeg"}],"twitter_card":"summary_large_image","schema":{"@context":"https:\/\/schema.org","@graph":[{"@type":"WebPage","@id":"https:\/\/maisonbentlalla.com\/ar\/producto\/caftan-elegante-bordado-en-oro\/","url":"https:\/\/maisonbentlalla.com\/ar\/producto\/caftan-elegante-bordado-en-oro\/","name":"Caft\u00e1n Elegante Bordado en Oro - BENT LALLA","isPartOf":{"@id":"https:\/\/maisonbentlalla.com\/ar\/#website"},"primaryImageOfPage":{"@id":"https:\/\/maisonbentlalla.com\/ar\/producto\/caftan-elegante-bordado-en-oro\/#primaryimage"},"image":{"@id":"https:\/\/maisonbentlalla.com\/ar\/producto\/caftan-elegante-bordado-en-oro\/#primaryimage"},"thumbnailUrl":"https:\/\/maisonbentlalla.com\/wp-content\/uploads\/2025\/02\/Leonardo_Vision_XL_Un_elegante_caftn_marroqu_presentado_en_un_0.jpg","datePublished":"2025-02-17T15:20:21+00:00","breadcrumb":{"@id":"https:\/\/maisonbentlalla.com\/ar\/producto\/caftan-elegante-bordado-en-oro\/#breadcrumb"},"inLanguage":"ar","potentialAction":[{"@type":"ReadAction","target":["https:\/\/maisonbentlalla.com\/ar\/producto\/caftan-elegante-bordado-en-oro\/"]}]},{"@type":"ImageObject","inLanguage":"ar","@id":"https:\/\/maisonbentlalla.com\/ar\/producto\/caftan-elegante-bordado-en-oro\/#primaryimage","url":"https:\/\/maisonbentlalla.com\/wp-content\/uploads\/2025\/02\/Leonardo_Vision_XL_Un_elegante_caftn_marroqu_presentado_en_un_0.jpg","contentUrl":"https:\/\/maisonbentlalla.com\/wp-content\/uploads\/2025\/02\/Leonardo_Vision_XL_Un_elegante_caftn_marroqu_presentado_en_un_0.jpg","width":1792,"height":1456},{"@type":"BreadcrumbList","@id":"https:\/\/maisonbentlalla.com\/ar\/producto\/caftan-elegante-bordado-en-oro\/#breadcrumb","itemListElement":[{"@type":"ListItem","position":1,"name":"Portada","item":"https:\/\/maisonbentlalla.com\/ar\/"},{"@type":"ListItem","position":2,"name":"Tienda","item":"https:\/\/maisonbentlalla.com\/ar\/tienda\/"},{"@type":"ListItem","position":3,"name":"Caft\u00e1n Elegante Bordado en Oro"}]},{"@type":"WebSite","@id":"https:\/\/maisonbentlalla.com\/ar\/#website","url":"https:\/\/maisonbentlalla.com\/ar\/","name":"BENT LALLA","description":"","potentialAction":[{"@type":"SearchAction","target":{"@type":"EntryPoint","urlTemplate":"https:\/\/maisonbentlalla.com\/ar\/?s={search_term_string}"},"query-input":{"@type":"PropertyValueSpecification","valueRequired":true,"valueName":"search_term_string"}}],"inLanguage":"ar"}]}},"_links":{"self":[{"href":"https:\/\/maisonbentlalla.com\/ar\/wp-json\/wp\/v2\/product\/699","targetHints":{"allow":["GET"]}}],"collection":[{"href":"https:\/\/maisonbentlalla.com\/ar\/wp-json\/wp\/v2\/product"}],"about":[{"href":"https:\/\/maisonbentlalla.com\/ar\/wp-json\/wp\/v2\/types\/product"}],"replies":[{"embeddable":true,"href":"https:\/\/maisonbentlalla.com\/ar\/wp-json\/wp\/v2\/comments?post=699"}],"wp:featuredmedia":[{"embeddable":true,"href":"https:\/\/maisonbentlalla.com\/ar\/wp-json\/wp\/v2\/media\/653"}],"wp:attachment":[{"href":"https:\/\/maisonbentlalla.com\/ar\/wp-json\/wp\/v2\/media?parent=699"}],"wp:term":[{"taxonomy":"marca","embeddable":true,"href":"https:\/\/maisonbentlalla.com\/ar\/wp-json\/wp\/v2\/marca?post=699"},{"taxonomy":"product_brand","embeddable":true,"href":"https:\/\/maisonbentlalla.com\/ar\/wp-json\/wp\/v2\/product_brand?post=699"},{"taxonomy":"product_cat","embeddable":true,"href":"https:\/\/maisonbentlalla.com\/ar\/wp-json\/wp\/v2\/product_cat?post=699"},{"taxonomy":"product_tag","embeddable":true,"href":"https:\/\/maisonbentlalla.com\/ar\/wp-json\/wp\/v2\/product_tag?post=699"}],"curies":[{"name":"wp","href":"https:\/\/api.w.org\/{rel}","templated":true}]}}