{"id":701,"date":"2025-02-17T15:18:36","date_gmt":"2025-02-17T15:18:36","guid":{"rendered":"https:\/\/maisonbentlalla.com\/producto\/caftan-elegancia-marroqui-exclusivo\/"},"modified":"2025-02-17T15:18:36","modified_gmt":"2025-02-17T15:18:36","slug":"caftan-elegancia-marroqui-exclusivo","status":"publish","type":"product","link":"https:\/\/maisonbentlalla.com\/ar\/producto\/caftan-elegancia-marroqui-exclusivo\/","title":{"rendered":"Caft\u00e1n Elegancia Marroqu\u00ed Exclusivo"},"content":{"rendered":"<p>Sum\u00e9rgete en la elegancia del caft\u00e1n marroqu\u00ed con este dise\u00f1o tradicional y contempor\u00e1neo, perfecto para ocasiones especiales. Descubre el lujo.<\/p>\n","protected":false},"excerpt":{"rendered":"<p>Elegancia marroqu\u00ed en un caft\u00e1n exclusivo para ocasiones especiales.<\/p>\n","protected":false},"featured_media":627,"comment_status":"open","ping_status":"closed","template":"","meta":{"_acf_changed":false,"iawp_total_views":0},"marca":[54,101],"product_brand":[],"product_cat":[122,123],"product_tag":[112,119,117],"class_list":{"0":"post-701","1":"product","2":"type-product","3":"status-publish","4":"has-post-thumbnail","6":"marca-bent-lalla","7":"marca-marroqui","8":"product_cat-tradicional-ar","9":"product_cat-vestimenta-ar","10":"product_tag-caftan-ar","11":"product_tag-elegancia-ar","12":"product_tag-tradicional-ar","14":"first","15":"instock","16":"sale","17":"shipping-taxable","18":"purchasable","19":"product-type-simple"},"acf":[],"yoast_head":"<!-- This site is optimized with the Yoast SEO plugin v27.4 - https:\/\/yoast.com\/product\/yoast-seo-wordpress\/ -->\n<title>Caft\u00e1n Elegancia Marroqu\u00ed Exclusivo - BENT LALLA<\/title>\n<meta name=\"robots\" content=\"index, follow, max-snippet:-1, max-image-preview:large, max-video-preview:-1\" \/>\n<link rel=\"canonical\" href=\"https:\/\/maisonbentlalla.com\/ar\/producto\/caftan-elegancia-marroqui-exclusivo\/\" \/>\n<meta property=\"og:locale\" content=\"ar_AR\" \/>\n<meta property=\"og:type\" content=\"article\" \/>\n<meta property=\"og:title\" content=\"Caft\u00e1n Elegancia Marroqu\u00ed Exclusivo - BENT LALLA\" \/>\n<meta property=\"og:description\" content=\"Elegancia marroqu\u00ed en un caft\u00e1n exclusivo para ocasiones especiales.\" \/>\n<meta property=\"og:url\" content=\"https:\/\/maisonbentlalla.com\/ar\/producto\/caftan-elegancia-marroqui-exclusivo\/\" \/>\n<meta property=\"og:site_name\" content=\"BENT LALLA\" \/>\n<meta property=\"og:image\" content=\"https:\/\/maisonbentlalla.com\/wp-content\/uploads\/2025\/02\/Leonardo_Vision_XL_Un_caftn_marroqu_tradicional_con_diseo_eleg_0.jpg\" \/>\n\t<meta property=\"og:image:width\" content=\"1792\" \/>\n\t<meta property=\"og:image:height\" content=\"1456\" \/>\n\t<meta property=\"og:image:type\" content=\"image\/jpeg\" \/>\n<meta name=\"twitter:card\" content=\"summary_large_image\" \/>\n<!-- \/ Yoast SEO plugin. -->","yoast_head_json":{"title":"Caft\u00e1n Elegancia Marroqu\u00ed Exclusivo - BENT LALLA","robots":{"index":"index","follow":"follow","max-snippet":"max-snippet:-1","max-image-preview":"max-image-preview:large","max-video-preview":"max-video-preview:-1"},"canonical":"https:\/\/maisonbentlalla.com\/ar\/producto\/caftan-elegancia-marroqui-exclusivo\/","og_locale":"ar_AR","og_type":"article","og_title":"Caft\u00e1n Elegancia Marroqu\u00ed Exclusivo - BENT LALLA","og_description":"Elegancia marroqu\u00ed en un caft\u00e1n exclusivo para ocasiones especiales.","og_url":"https:\/\/maisonbentlalla.com\/ar\/producto\/caftan-elegancia-marroqui-exclusivo\/","og_site_name":"BENT LALLA","og_image":[{"width":1792,"height":1456,"url":"https:\/\/maisonbentlalla.com\/wp-content\/uploads\/2025\/02\/Leonardo_Vision_XL_Un_caftn_marroqu_tradicional_con_diseo_eleg_0.jpg","type":"image\/jpeg"}],"twitter_card":"summary_large_image","schema":{"@context":"https:\/\/schema.org","@graph":[{"@type":"WebPage","@id":"https:\/\/maisonbentlalla.com\/ar\/producto\/caftan-elegancia-marroqui-exclusivo\/","url":"https:\/\/maisonbentlalla.com\/ar\/producto\/caftan-elegancia-marroqui-exclusivo\/","name":"Caft\u00e1n Elegancia Marroqu\u00ed Exclusivo - BENT LALLA","isPartOf":{"@id":"https:\/\/maisonbentlalla.com\/ar\/#website"},"primaryImageOfPage":{"@id":"https:\/\/maisonbentlalla.com\/ar\/producto\/caftan-elegancia-marroqui-exclusivo\/#primaryimage"},"image":{"@id":"https:\/\/maisonbentlalla.com\/ar\/producto\/caftan-elegancia-marroqui-exclusivo\/#primaryimage"},"thumbnailUrl":"https:\/\/maisonbentlalla.com\/wp-content\/uploads\/2025\/02\/Leonardo_Vision_XL_Un_caftn_marroqu_tradicional_con_diseo_eleg_0.jpg","datePublished":"2025-02-17T15:18:36+00:00","breadcrumb":{"@id":"https:\/\/maisonbentlalla.com\/ar\/producto\/caftan-elegancia-marroqui-exclusivo\/#breadcrumb"},"inLanguage":"ar","potentialAction":[{"@type":"ReadAction","target":["https:\/\/maisonbentlalla.com\/ar\/producto\/caftan-elegancia-marroqui-exclusivo\/"]}]},{"@type":"ImageObject","inLanguage":"ar","@id":"https:\/\/maisonbentlalla.com\/ar\/producto\/caftan-elegancia-marroqui-exclusivo\/#primaryimage","url":"https:\/\/maisonbentlalla.com\/wp-content\/uploads\/2025\/02\/Leonardo_Vision_XL_Un_caftn_marroqu_tradicional_con_diseo_eleg_0.jpg","contentUrl":"https:\/\/maisonbentlalla.com\/wp-content\/uploads\/2025\/02\/Leonardo_Vision_XL_Un_caftn_marroqu_tradicional_con_diseo_eleg_0.jpg","width":1792,"height":1456},{"@type":"BreadcrumbList","@id":"https:\/\/maisonbentlalla.com\/ar\/producto\/caftan-elegancia-marroqui-exclusivo\/#breadcrumb","itemListElement":[{"@type":"ListItem","position":1,"name":"Portada","item":"https:\/\/maisonbentlalla.com\/ar\/"},{"@type":"ListItem","position":2,"name":"Tienda","item":"https:\/\/maisonbentlalla.com\/ar\/tienda\/"},{"@type":"ListItem","position":3,"name":"Caft\u00e1n Elegancia Marroqu\u00ed Exclusivo"}]},{"@type":"WebSite","@id":"https:\/\/maisonbentlalla.com\/ar\/#website","url":"https:\/\/maisonbentlalla.com\/ar\/","name":"BENT LALLA","description":"","potentialAction":[{"@type":"SearchAction","target":{"@type":"EntryPoint","urlTemplate":"https:\/\/maisonbentlalla.com\/ar\/?s={search_term_string}"},"query-input":{"@type":"PropertyValueSpecification","valueRequired":true,"valueName":"search_term_string"}}],"inLanguage":"ar"}]}},"_links":{"self":[{"href":"https:\/\/maisonbentlalla.com\/ar\/wp-json\/wp\/v2\/product\/701","targetHints":{"allow":["GET"]}}],"collection":[{"href":"https:\/\/maisonbentlalla.com\/ar\/wp-json\/wp\/v2\/product"}],"about":[{"href":"https:\/\/maisonbentlalla.com\/ar\/wp-json\/wp\/v2\/types\/product"}],"replies":[{"embeddable":true,"href":"https:\/\/maisonbentlalla.com\/ar\/wp-json\/wp\/v2\/comments?post=701"}],"wp:featuredmedia":[{"embeddable":true,"href":"https:\/\/maisonbentlalla.com\/ar\/wp-json\/wp\/v2\/media\/627"}],"wp:attachment":[{"href":"https:\/\/maisonbentlalla.com\/ar\/wp-json\/wp\/v2\/media?parent=701"}],"wp:term":[{"taxonomy":"marca","embeddable":true,"href":"https:\/\/maisonbentlalla.com\/ar\/wp-json\/wp\/v2\/marca?post=701"},{"taxonomy":"product_brand","embeddable":true,"href":"https:\/\/maisonbentlalla.com\/ar\/wp-json\/wp\/v2\/product_brand?post=701"},{"taxonomy":"product_cat","embeddable":true,"href":"https:\/\/maisonbentlalla.com\/ar\/wp-json\/wp\/v2\/product_cat?post=701"},{"taxonomy":"product_tag","embeddable":true,"href":"https:\/\/maisonbentlalla.com\/ar\/wp-json\/wp\/v2\/product_tag?post=701"}],"curies":[{"name":"wp","href":"https:\/\/api.w.org\/{rel}","templated":true}]}}