{"id":705,"date":"2025-02-17T15:15:06","date_gmt":"2025-02-17T15:15:06","guid":{"rendered":"https:\/\/maisonbentlalla.com\/producto\/elegante-caftan-real-tradicional\/"},"modified":"2025-02-17T15:15:06","modified_gmt":"2025-02-17T15:15:06","slug":"elegante-caftan-real-tradicional","status":"publish","type":"product","link":"https:\/\/maisonbentlalla.com\/ar\/producto\/elegante-caftan-real-tradicional\/","title":{"rendered":"Elegante Caft\u00e1n Real Tradicional"},"content":{"rendered":"<p>Deslumbra con nuestro caft\u00e1n marroqu\u00ed, una prenda de lujo que fusiona tradici\u00f3n y elegancia.<\/p>\n","protected":false},"excerpt":{"rendered":"<p>Caft\u00e1n marroqu\u00ed de lujo: tradici\u00f3n y elegancia en una sola prenda.<\/p>\n","protected":false},"featured_media":572,"comment_status":"open","ping_status":"closed","template":"","meta":{"_acf_changed":false,"iawp_total_views":2},"marca":[54,90],"product_brand":[],"product_cat":[114,110],"product_tag":[133,134,135],"class_list":{"0":"post-705","1":"product","2":"type-product","3":"status-publish","4":"has-post-thumbnail","6":"marca-bent-lalla","7":"marca-moda-marruecos","8":"product_cat-caftanes-ar","9":"product_cat-ropa-tradicional-ar","10":"product_tag-caftan-elegante-ar","11":"product_tag-moda-tradicional-ar","12":"product_tag-vestuario-marroqui-ar","14":"first","15":"instock","16":"shipping-taxable","17":"purchasable","18":"product-type-simple"},"acf":[],"yoast_head":"<!-- This site is optimized with the Yoast SEO plugin v27.4 - https:\/\/yoast.com\/product\/yoast-seo-wordpress\/ -->\n<title>Elegante Caft\u00e1n Real Tradicional - BENT LALLA<\/title>\n<meta name=\"robots\" content=\"index, follow, max-snippet:-1, max-image-preview:large, max-video-preview:-1\" \/>\n<link rel=\"canonical\" href=\"https:\/\/maisonbentlalla.com\/ar\/producto\/elegante-caftan-real-tradicional\/\" \/>\n<meta property=\"og:locale\" content=\"ar_AR\" \/>\n<meta property=\"og:type\" content=\"article\" \/>\n<meta property=\"og:title\" content=\"Elegante Caft\u00e1n Real Tradicional - BENT LALLA\" \/>\n<meta property=\"og:description\" content=\"Caft\u00e1n marroqu\u00ed de lujo: tradici\u00f3n y elegancia en una sola prenda.\" \/>\n<meta property=\"og:url\" content=\"https:\/\/maisonbentlalla.com\/ar\/producto\/elegante-caftan-real-tradicional\/\" \/>\n<meta property=\"og:site_name\" content=\"BENT LALLA\" \/>\n<meta property=\"og:image\" content=\"https:\/\/maisonbentlalla.com\/wp-content\/uploads\/2025\/02\/Leonardo_Vision_XL_Disea_una_imagen_de_un_caftn_marroqu_elegan_0-1024x832.jpg\" \/>\n\t<meta property=\"og:image:width\" content=\"1024\" \/>\n\t<meta property=\"og:image:height\" content=\"832\" \/>\n\t<meta property=\"og:image:type\" content=\"image\/jpeg\" \/>\n<meta name=\"twitter:card\" content=\"summary_large_image\" \/>\n<!-- \/ Yoast SEO plugin. -->","yoast_head_json":{"title":"Elegante Caft\u00e1n Real Tradicional - BENT LALLA","robots":{"index":"index","follow":"follow","max-snippet":"max-snippet:-1","max-image-preview":"max-image-preview:large","max-video-preview":"max-video-preview:-1"},"canonical":"https:\/\/maisonbentlalla.com\/ar\/producto\/elegante-caftan-real-tradicional\/","og_locale":"ar_AR","og_type":"article","og_title":"Elegante Caft\u00e1n Real Tradicional - BENT LALLA","og_description":"Caft\u00e1n marroqu\u00ed de lujo: tradici\u00f3n y elegancia en una sola prenda.","og_url":"https:\/\/maisonbentlalla.com\/ar\/producto\/elegante-caftan-real-tradicional\/","og_site_name":"BENT LALLA","og_image":[{"width":1024,"height":832,"url":"https:\/\/maisonbentlalla.com\/wp-content\/uploads\/2025\/02\/Leonardo_Vision_XL_Disea_una_imagen_de_un_caftn_marroqu_elegan_0-1024x832.jpg","type":"image\/jpeg"}],"twitter_card":"summary_large_image","schema":{"@context":"https:\/\/schema.org","@graph":[{"@type":"WebPage","@id":"https:\/\/maisonbentlalla.com\/ar\/producto\/elegante-caftan-real-tradicional\/","url":"https:\/\/maisonbentlalla.com\/ar\/producto\/elegante-caftan-real-tradicional\/","name":"Elegante Caft\u00e1n Real Tradicional - BENT LALLA","isPartOf":{"@id":"https:\/\/maisonbentlalla.com\/ar\/#website"},"primaryImageOfPage":{"@id":"https:\/\/maisonbentlalla.com\/ar\/producto\/elegante-caftan-real-tradicional\/#primaryimage"},"image":{"@id":"https:\/\/maisonbentlalla.com\/ar\/producto\/elegante-caftan-real-tradicional\/#primaryimage"},"thumbnailUrl":"https:\/\/maisonbentlalla.com\/wp-content\/uploads\/2025\/02\/Leonardo_Vision_XL_Disea_una_imagen_de_un_caftn_marroqu_elegan_0.jpg","datePublished":"2025-02-17T15:15:06+00:00","breadcrumb":{"@id":"https:\/\/maisonbentlalla.com\/ar\/producto\/elegante-caftan-real-tradicional\/#breadcrumb"},"inLanguage":"ar","potentialAction":[{"@type":"ReadAction","target":["https:\/\/maisonbentlalla.com\/ar\/producto\/elegante-caftan-real-tradicional\/"]}]},{"@type":"ImageObject","inLanguage":"ar","@id":"https:\/\/maisonbentlalla.com\/ar\/producto\/elegante-caftan-real-tradicional\/#primaryimage","url":"https:\/\/maisonbentlalla.com\/wp-content\/uploads\/2025\/02\/Leonardo_Vision_XL_Disea_una_imagen_de_un_caftn_marroqu_elegan_0.jpg","contentUrl":"https:\/\/maisonbentlalla.com\/wp-content\/uploads\/2025\/02\/Leonardo_Vision_XL_Disea_una_imagen_de_un_caftn_marroqu_elegan_0.jpg","width":1792,"height":1456},{"@type":"BreadcrumbList","@id":"https:\/\/maisonbentlalla.com\/ar\/producto\/elegante-caftan-real-tradicional\/#breadcrumb","itemListElement":[{"@type":"ListItem","position":1,"name":"Portada","item":"https:\/\/maisonbentlalla.com\/ar\/"},{"@type":"ListItem","position":2,"name":"Tienda","item":"https:\/\/maisonbentlalla.com\/ar\/tienda\/"},{"@type":"ListItem","position":3,"name":"Elegante Caft\u00e1n Real Tradicional"}]},{"@type":"WebSite","@id":"https:\/\/maisonbentlalla.com\/ar\/#website","url":"https:\/\/maisonbentlalla.com\/ar\/","name":"BENT LALLA","description":"","potentialAction":[{"@type":"SearchAction","target":{"@type":"EntryPoint","urlTemplate":"https:\/\/maisonbentlalla.com\/ar\/?s={search_term_string}"},"query-input":{"@type":"PropertyValueSpecification","valueRequired":true,"valueName":"search_term_string"}}],"inLanguage":"ar"}]}},"_links":{"self":[{"href":"https:\/\/maisonbentlalla.com\/ar\/wp-json\/wp\/v2\/product\/705","targetHints":{"allow":["GET"]}}],"collection":[{"href":"https:\/\/maisonbentlalla.com\/ar\/wp-json\/wp\/v2\/product"}],"about":[{"href":"https:\/\/maisonbentlalla.com\/ar\/wp-json\/wp\/v2\/types\/product"}],"replies":[{"embeddable":true,"href":"https:\/\/maisonbentlalla.com\/ar\/wp-json\/wp\/v2\/comments?post=705"}],"wp:featuredmedia":[{"embeddable":true,"href":"https:\/\/maisonbentlalla.com\/ar\/wp-json\/wp\/v2\/media\/572"}],"wp:attachment":[{"href":"https:\/\/maisonbentlalla.com\/ar\/wp-json\/wp\/v2\/media?parent=705"}],"wp:term":[{"taxonomy":"marca","embeddable":true,"href":"https:\/\/maisonbentlalla.com\/ar\/wp-json\/wp\/v2\/marca?post=705"},{"taxonomy":"product_brand","embeddable":true,"href":"https:\/\/maisonbentlalla.com\/ar\/wp-json\/wp\/v2\/product_brand?post=705"},{"taxonomy":"product_cat","embeddable":true,"href":"https:\/\/maisonbentlalla.com\/ar\/wp-json\/wp\/v2\/product_cat?post=705"},{"taxonomy":"product_tag","embeddable":true,"href":"https:\/\/maisonbentlalla.com\/ar\/wp-json\/wp\/v2\/product_tag?post=705"}],"curies":[{"name":"wp","href":"https:\/\/api.w.org\/{rel}","templated":true}]}}