{"id":732,"date":"2025-02-17T15:09:41","date_gmt":"2025-02-17T15:09:41","guid":{"rendered":"https:\/\/maisonbentlalla.com\/producto\/caftan-de-lujo-marroqui-satinado\/"},"modified":"2025-02-17T15:09:41","modified_gmt":"2025-02-17T15:09:41","slug":"caftan-de-lujo-marroqui-satinado","status":"publish","type":"product","link":"https:\/\/maisonbentlalla.com\/fr\/producto\/caftan-de-lujo-marroqui-satinado\/","title":{"rendered":"Caft\u00e1n de Lujo Marroqu\u00ed Satinado"},"content":{"rendered":"<p>Confeccionado en sat\u00e9n de alta calidad, este caft\u00e1n marroqu\u00ed tradicional ofrece elegancia y confort perfectos para cualquier ocasi\u00f3n especial.<\/p>\n","protected":false},"excerpt":{"rendered":"<p>Elegante caft\u00e1n marroqu\u00ed, ideal para eventos formales.<\/p>\n","protected":false},"featured_media":473,"comment_status":"open","ping_status":"closed","template":"","meta":{"_acf_changed":false,"iawp_total_views":0},"marca":[54,74],"product_brand":[],"product_cat":[148,149],"product_tag":[151,154,185],"class_list":{"0":"post-732","1":"product","2":"type-product","3":"status-publish","4":"has-post-thumbnail","6":"marca-bent-lalla","7":"marca-lujo-textil","8":"product_cat-moda-marroqui-fr","9":"product_cat-ropa-tradicional-fr","10":"product_tag-caftan-fr","11":"product_tag-elegante-fr","12":"product_tag-moda-fr","14":"first","15":"instock","16":"sale","17":"shipping-taxable","18":"purchasable","19":"product-type-simple"},"acf":[],"yoast_head":"<!-- This site is optimized with the Yoast SEO plugin v27.4 - https:\/\/yoast.com\/product\/yoast-seo-wordpress\/ -->\n<title>Caft\u00e1n de Lujo Marroqu\u00ed Satinado - BENT LALLA<\/title>\n<meta name=\"robots\" content=\"index, follow, max-snippet:-1, max-image-preview:large, max-video-preview:-1\" \/>\n<link rel=\"canonical\" href=\"https:\/\/maisonbentlalla.com\/fr\/producto\/caftan-de-lujo-marroqui-satinado\/\" \/>\n<meta property=\"og:locale\" content=\"fr_FR\" \/>\n<meta property=\"og:type\" content=\"article\" \/>\n<meta property=\"og:title\" content=\"Caft\u00e1n de Lujo Marroqu\u00ed Satinado - BENT LALLA\" \/>\n<meta property=\"og:description\" content=\"Elegante caft\u00e1n marroqu\u00ed, ideal para eventos formales.\" \/>\n<meta property=\"og:url\" content=\"https:\/\/maisonbentlalla.com\/fr\/producto\/caftan-de-lujo-marroqui-satinado\/\" \/>\n<meta property=\"og:site_name\" content=\"BENT LALLA\" \/>\n<meta property=\"og:image\" content=\"https:\/\/maisonbentlalla.com\/wp-content\/uploads\/2025\/02\/Leonardo_Vision_XL_Un_elegante_caftn_marroqu_tradicional_hecho_0-1024x832.jpg\" \/>\n\t<meta property=\"og:image:width\" content=\"1024\" \/>\n\t<meta property=\"og:image:height\" content=\"832\" \/>\n\t<meta property=\"og:image:type\" content=\"image\/jpeg\" \/>\n<meta name=\"twitter:card\" content=\"summary_large_image\" \/>\n<!-- \/ Yoast SEO plugin. -->","yoast_head_json":{"title":"Caft\u00e1n de Lujo Marroqu\u00ed Satinado - BENT LALLA","robots":{"index":"index","follow":"follow","max-snippet":"max-snippet:-1","max-image-preview":"max-image-preview:large","max-video-preview":"max-video-preview:-1"},"canonical":"https:\/\/maisonbentlalla.com\/fr\/producto\/caftan-de-lujo-marroqui-satinado\/","og_locale":"fr_FR","og_type":"article","og_title":"Caft\u00e1n de Lujo Marroqu\u00ed Satinado - BENT LALLA","og_description":"Elegante caft\u00e1n marroqu\u00ed, ideal para eventos formales.","og_url":"https:\/\/maisonbentlalla.com\/fr\/producto\/caftan-de-lujo-marroqui-satinado\/","og_site_name":"BENT LALLA","og_image":[{"width":1024,"height":832,"url":"https:\/\/maisonbentlalla.com\/wp-content\/uploads\/2025\/02\/Leonardo_Vision_XL_Un_elegante_caftn_marroqu_tradicional_hecho_0-1024x832.jpg","type":"image\/jpeg"}],"twitter_card":"summary_large_image","schema":{"@context":"https:\/\/schema.org","@graph":[{"@type":"WebPage","@id":"https:\/\/maisonbentlalla.com\/fr\/producto\/caftan-de-lujo-marroqui-satinado\/","url":"https:\/\/maisonbentlalla.com\/fr\/producto\/caftan-de-lujo-marroqui-satinado\/","name":"Caft\u00e1n de Lujo Marroqu\u00ed Satinado - BENT LALLA","isPartOf":{"@id":"https:\/\/maisonbentlalla.com\/fr\/#website"},"primaryImageOfPage":{"@id":"https:\/\/maisonbentlalla.com\/fr\/producto\/caftan-de-lujo-marroqui-satinado\/#primaryimage"},"image":{"@id":"https:\/\/maisonbentlalla.com\/fr\/producto\/caftan-de-lujo-marroqui-satinado\/#primaryimage"},"thumbnailUrl":"https:\/\/maisonbentlalla.com\/wp-content\/uploads\/2025\/02\/Leonardo_Vision_XL_Un_elegante_caftn_marroqu_tradicional_hecho_0.jpg","datePublished":"2025-02-17T15:09:41+00:00","breadcrumb":{"@id":"https:\/\/maisonbentlalla.com\/fr\/producto\/caftan-de-lujo-marroqui-satinado\/#breadcrumb"},"inLanguage":"fr-FR","potentialAction":[{"@type":"ReadAction","target":["https:\/\/maisonbentlalla.com\/fr\/producto\/caftan-de-lujo-marroqui-satinado\/"]}]},{"@type":"ImageObject","inLanguage":"fr-FR","@id":"https:\/\/maisonbentlalla.com\/fr\/producto\/caftan-de-lujo-marroqui-satinado\/#primaryimage","url":"https:\/\/maisonbentlalla.com\/wp-content\/uploads\/2025\/02\/Leonardo_Vision_XL_Un_elegante_caftn_marroqu_tradicional_hecho_0.jpg","contentUrl":"https:\/\/maisonbentlalla.com\/wp-content\/uploads\/2025\/02\/Leonardo_Vision_XL_Un_elegante_caftn_marroqu_tradicional_hecho_0.jpg","width":1792,"height":1456},{"@type":"BreadcrumbList","@id":"https:\/\/maisonbentlalla.com\/fr\/producto\/caftan-de-lujo-marroqui-satinado\/#breadcrumb","itemListElement":[{"@type":"ListItem","position":1,"name":"Portada","item":"https:\/\/maisonbentlalla.com\/fr\/"},{"@type":"ListItem","position":2,"name":"Tienda","item":"https:\/\/maisonbentlalla.com\/fr\/tienda\/"},{"@type":"ListItem","position":3,"name":"Caft\u00e1n de Lujo Marroqu\u00ed Satinado"}]},{"@type":"WebSite","@id":"https:\/\/maisonbentlalla.com\/fr\/#website","url":"https:\/\/maisonbentlalla.com\/fr\/","name":"BENT LALLA","description":"","potentialAction":[{"@type":"SearchAction","target":{"@type":"EntryPoint","urlTemplate":"https:\/\/maisonbentlalla.com\/fr\/?s={search_term_string}"},"query-input":{"@type":"PropertyValueSpecification","valueRequired":true,"valueName":"search_term_string"}}],"inLanguage":"fr-FR"}]}},"_links":{"self":[{"href":"https:\/\/maisonbentlalla.com\/fr\/wp-json\/wp\/v2\/product\/732","targetHints":{"allow":["GET"]}}],"collection":[{"href":"https:\/\/maisonbentlalla.com\/fr\/wp-json\/wp\/v2\/product"}],"about":[{"href":"https:\/\/maisonbentlalla.com\/fr\/wp-json\/wp\/v2\/types\/product"}],"replies":[{"embeddable":true,"href":"https:\/\/maisonbentlalla.com\/fr\/wp-json\/wp\/v2\/comments?post=732"}],"wp:featuredmedia":[{"embeddable":true,"href":"https:\/\/maisonbentlalla.com\/fr\/wp-json\/wp\/v2\/media\/473"}],"wp:attachment":[{"href":"https:\/\/maisonbentlalla.com\/fr\/wp-json\/wp\/v2\/media?parent=732"}],"wp:term":[{"taxonomy":"marca","embeddable":true,"href":"https:\/\/maisonbentlalla.com\/fr\/wp-json\/wp\/v2\/marca?post=732"},{"taxonomy":"product_brand","embeddable":true,"href":"https:\/\/maisonbentlalla.com\/fr\/wp-json\/wp\/v2\/product_brand?post=732"},{"taxonomy":"product_cat","embeddable":true,"href":"https:\/\/maisonbentlalla.com\/fr\/wp-json\/wp\/v2\/product_cat?post=732"},{"taxonomy":"product_tag","embeddable":true,"href":"https:\/\/maisonbentlalla.com\/fr\/wp-json\/wp\/v2\/product_tag?post=732"}],"curies":[{"name":"wp","href":"https:\/\/api.w.org\/{rel}","templated":true}]}}