{"id":737,"date":"2025-02-17T15:05:04","date_gmt":"2025-02-17T15:05:04","guid":{"rendered":"https:\/\/maisonbentlalla.com\/producto\/caftan-sofisticado-jade\/"},"modified":"2025-02-17T15:05:04","modified_gmt":"2025-02-17T15:05:04","slug":"caftan-sofisticado-jade","status":"publish","type":"product","link":"https:\/\/maisonbentlalla.com\/fr\/producto\/caftan-sofisticado-jade\/","title":{"rendered":"Caft\u00e1n Sofisticado Jade"},"content":{"rendered":"<p>Elegancia y tradici\u00f3n en un caft\u00e1n marroqu\u00ed que fusiona lo cl\u00e1sico y moderno. Tejido fino y bordado artesanal, ideal para eventos especiales.<\/p>\n","protected":false},"excerpt":{"rendered":"<p>Caft\u00e1n marroqu\u00ed elegante con dise\u00f1o moderno y bordado fino.<\/p>\n","protected":false},"featured_media":396,"comment_status":"open","ping_status":"closed","template":"","meta":{"_acf_changed":false,"iawp_total_views":0},"marca":[54,61],"product_brand":[],"product_cat":[180,161],"product_tag":[151,154,171],"class_list":{"0":"post-737","1":"product","2":"type-product","3":"status-publish","4":"has-post-thumbnail","6":"marca-bent-lalla","7":"marca-caftan-luxe","8":"product_cat-moda-fr","9":"product_cat-tradicional-fr","10":"product_tag-caftan-fr","11":"product_tag-elegante-fr","12":"product_tag-marroqui-fr","14":"first","15":"instock","16":"sale","17":"shipping-taxable","18":"purchasable","19":"product-type-simple"},"acf":[],"yoast_head":"<!-- This site is optimized with the Yoast SEO plugin v27.4 - https:\/\/yoast.com\/product\/yoast-seo-wordpress\/ -->\n<title>Caft\u00e1n Sofisticado Jade - BENT LALLA<\/title>\n<meta name=\"robots\" content=\"index, follow, max-snippet:-1, max-image-preview:large, max-video-preview:-1\" \/>\n<link rel=\"canonical\" href=\"https:\/\/maisonbentlalla.com\/fr\/producto\/caftan-sofisticado-jade\/\" \/>\n<meta property=\"og:locale\" content=\"fr_FR\" \/>\n<meta property=\"og:type\" content=\"article\" \/>\n<meta property=\"og:title\" content=\"Caft\u00e1n Sofisticado Jade - BENT LALLA\" \/>\n<meta property=\"og:description\" content=\"Caft\u00e1n marroqu\u00ed elegante con dise\u00f1o moderno y bordado fino.\" \/>\n<meta property=\"og:url\" content=\"https:\/\/maisonbentlalla.com\/fr\/producto\/caftan-sofisticado-jade\/\" \/>\n<meta property=\"og:site_name\" content=\"BENT LALLA\" \/>\n<meta property=\"og:image\" content=\"https:\/\/maisonbentlalla.com\/wp-content\/uploads\/2025\/02\/Leonardo_Vision_XL_Un_elegante_caftn_marroqu_sobre_un_maniqu_c_0.jpg\" \/>\n\t<meta property=\"og:image:width\" content=\"1792\" \/>\n\t<meta property=\"og:image:height\" content=\"1456\" \/>\n\t<meta property=\"og:image:type\" content=\"image\/jpeg\" \/>\n<meta name=\"twitter:card\" content=\"summary_large_image\" \/>\n<!-- \/ Yoast SEO plugin. -->","yoast_head_json":{"title":"Caft\u00e1n Sofisticado Jade - BENT LALLA","robots":{"index":"index","follow":"follow","max-snippet":"max-snippet:-1","max-image-preview":"max-image-preview:large","max-video-preview":"max-video-preview:-1"},"canonical":"https:\/\/maisonbentlalla.com\/fr\/producto\/caftan-sofisticado-jade\/","og_locale":"fr_FR","og_type":"article","og_title":"Caft\u00e1n Sofisticado Jade - BENT LALLA","og_description":"Caft\u00e1n marroqu\u00ed elegante con dise\u00f1o moderno y bordado fino.","og_url":"https:\/\/maisonbentlalla.com\/fr\/producto\/caftan-sofisticado-jade\/","og_site_name":"BENT LALLA","og_image":[{"width":1792,"height":1456,"url":"https:\/\/maisonbentlalla.com\/wp-content\/uploads\/2025\/02\/Leonardo_Vision_XL_Un_elegante_caftn_marroqu_sobre_un_maniqu_c_0.jpg","type":"image\/jpeg"}],"twitter_card":"summary_large_image","schema":{"@context":"https:\/\/schema.org","@graph":[{"@type":"WebPage","@id":"https:\/\/maisonbentlalla.com\/fr\/producto\/caftan-sofisticado-jade\/","url":"https:\/\/maisonbentlalla.com\/fr\/producto\/caftan-sofisticado-jade\/","name":"Caft\u00e1n Sofisticado Jade - BENT LALLA","isPartOf":{"@id":"https:\/\/maisonbentlalla.com\/fr\/#website"},"primaryImageOfPage":{"@id":"https:\/\/maisonbentlalla.com\/fr\/producto\/caftan-sofisticado-jade\/#primaryimage"},"image":{"@id":"https:\/\/maisonbentlalla.com\/fr\/producto\/caftan-sofisticado-jade\/#primaryimage"},"thumbnailUrl":"https:\/\/maisonbentlalla.com\/wp-content\/uploads\/2025\/02\/Leonardo_Vision_XL_Un_elegante_caftn_marroqu_sobre_un_maniqu_c_0.jpg","datePublished":"2025-02-17T15:05:04+00:00","breadcrumb":{"@id":"https:\/\/maisonbentlalla.com\/fr\/producto\/caftan-sofisticado-jade\/#breadcrumb"},"inLanguage":"fr-FR","potentialAction":[{"@type":"ReadAction","target":["https:\/\/maisonbentlalla.com\/fr\/producto\/caftan-sofisticado-jade\/"]}]},{"@type":"ImageObject","inLanguage":"fr-FR","@id":"https:\/\/maisonbentlalla.com\/fr\/producto\/caftan-sofisticado-jade\/#primaryimage","url":"https:\/\/maisonbentlalla.com\/wp-content\/uploads\/2025\/02\/Leonardo_Vision_XL_Un_elegante_caftn_marroqu_sobre_un_maniqu_c_0.jpg","contentUrl":"https:\/\/maisonbentlalla.com\/wp-content\/uploads\/2025\/02\/Leonardo_Vision_XL_Un_elegante_caftn_marroqu_sobre_un_maniqu_c_0.jpg","width":1792,"height":1456},{"@type":"BreadcrumbList","@id":"https:\/\/maisonbentlalla.com\/fr\/producto\/caftan-sofisticado-jade\/#breadcrumb","itemListElement":[{"@type":"ListItem","position":1,"name":"Portada","item":"https:\/\/maisonbentlalla.com\/fr\/"},{"@type":"ListItem","position":2,"name":"Tienda","item":"https:\/\/maisonbentlalla.com\/fr\/tienda\/"},{"@type":"ListItem","position":3,"name":"Caft\u00e1n Sofisticado Jade"}]},{"@type":"WebSite","@id":"https:\/\/maisonbentlalla.com\/fr\/#website","url":"https:\/\/maisonbentlalla.com\/fr\/","name":"BENT LALLA","description":"","potentialAction":[{"@type":"SearchAction","target":{"@type":"EntryPoint","urlTemplate":"https:\/\/maisonbentlalla.com\/fr\/?s={search_term_string}"},"query-input":{"@type":"PropertyValueSpecification","valueRequired":true,"valueName":"search_term_string"}}],"inLanguage":"fr-FR"}]}},"_links":{"self":[{"href":"https:\/\/maisonbentlalla.com\/fr\/wp-json\/wp\/v2\/product\/737","targetHints":{"allow":["GET"]}}],"collection":[{"href":"https:\/\/maisonbentlalla.com\/fr\/wp-json\/wp\/v2\/product"}],"about":[{"href":"https:\/\/maisonbentlalla.com\/fr\/wp-json\/wp\/v2\/types\/product"}],"replies":[{"embeddable":true,"href":"https:\/\/maisonbentlalla.com\/fr\/wp-json\/wp\/v2\/comments?post=737"}],"wp:featuredmedia":[{"embeddable":true,"href":"https:\/\/maisonbentlalla.com\/fr\/wp-json\/wp\/v2\/media\/396"}],"wp:attachment":[{"href":"https:\/\/maisonbentlalla.com\/fr\/wp-json\/wp\/v2\/media?parent=737"}],"wp:term":[{"taxonomy":"marca","embeddable":true,"href":"https:\/\/maisonbentlalla.com\/fr\/wp-json\/wp\/v2\/marca?post=737"},{"taxonomy":"product_brand","embeddable":true,"href":"https:\/\/maisonbentlalla.com\/fr\/wp-json\/wp\/v2\/product_brand?post=737"},{"taxonomy":"product_cat","embeddable":true,"href":"https:\/\/maisonbentlalla.com\/fr\/wp-json\/wp\/v2\/product_cat?post=737"},{"taxonomy":"product_tag","embeddable":true,"href":"https:\/\/maisonbentlalla.com\/fr\/wp-json\/wp\/v2\/product_tag?post=737"}],"curies":[{"name":"wp","href":"https:\/\/api.w.org\/{rel}","templated":true}]}}