{"id":738,"date":"2025-02-17T15:04:06","date_gmt":"2025-02-17T15:04:06","guid":{"rendered":"https:\/\/maisonbentlalla.com\/producto\/elegante-caftan-marroqui-de-seda-brocada\/"},"modified":"2025-02-17T15:04:06","modified_gmt":"2025-02-17T15:04:06","slug":"elegante-caftan-marroqui-de-seda-brocada","status":"publish","type":"product","link":"https:\/\/maisonbentlalla.com\/fr\/producto\/elegante-caftan-marroqui-de-seda-brocada\/","title":{"rendered":"Elegante Caft\u00e1n Marroqu\u00ed de Seda Brocada"},"content":{"rendered":"<p>Descubre la belleza del caft\u00e1n marroqu\u00ed con dise\u00f1o tradicional, ideal para ocasiones elegantes y ceremonias. Disponible para alquiler y compra.<\/p>\n","protected":false},"excerpt":{"rendered":"<p>Caft\u00e1n marroqu\u00ed elegante para alquiler o compra. Perfecto para ceremonias.<\/p>\n","protected":false},"featured_media":377,"comment_status":"open","ping_status":"closed","template":"","meta":{"_acf_changed":false,"iawp_total_views":0},"marca":[54,55],"product_brand":[],"product_cat":[163,149],"product_tag":[158,186,185],"class_list":{"0":"post-738","1":"product","2":"type-product","3":"status-publish","4":"has-post-thumbnail","6":"marca-bent-lalla","7":"marca-caftan","8":"product_cat-caftan-fr","9":"product_cat-ropa-tradicional-fr","10":"product_tag-elegancia-fr","11":"product_tag-marroquineria-fr","12":"product_tag-moda-fr","14":"first","15":"instock","16":"sale","17":"shipping-taxable","18":"purchasable","19":"product-type-simple"},"acf":[],"yoast_head":"<!-- This site is optimized with the Yoast SEO plugin v27.4 - https:\/\/yoast.com\/product\/yoast-seo-wordpress\/ -->\n<title>Elegante Caft\u00e1n Marroqu\u00ed de Seda Brocada - BENT LALLA<\/title>\n<meta name=\"robots\" content=\"index, follow, max-snippet:-1, max-image-preview:large, max-video-preview:-1\" \/>\n<link rel=\"canonical\" href=\"https:\/\/maisonbentlalla.com\/fr\/producto\/elegante-caftan-marroqui-de-seda-brocada\/\" \/>\n<meta property=\"og:locale\" content=\"fr_FR\" \/>\n<meta property=\"og:type\" content=\"article\" \/>\n<meta property=\"og:title\" content=\"Elegante Caft\u00e1n Marroqu\u00ed de Seda Brocada - BENT LALLA\" \/>\n<meta property=\"og:description\" content=\"Caft\u00e1n marroqu\u00ed elegante para alquiler o compra. Perfecto para ceremonias.\" \/>\n<meta property=\"og:url\" content=\"https:\/\/maisonbentlalla.com\/fr\/producto\/elegante-caftan-marroqui-de-seda-brocada\/\" \/>\n<meta property=\"og:site_name\" content=\"BENT LALLA\" \/>\n<meta property=\"og:image\" content=\"https:\/\/maisonbentlalla.com\/wp-content\/uploads\/2025\/02\/Leonardo_Vision_XL_Diseo_en_un_entorno_elegante_que_muestre_un_0.jpg\" \/>\n\t<meta property=\"og:image:width\" content=\"1792\" \/>\n\t<meta property=\"og:image:height\" content=\"1456\" \/>\n\t<meta property=\"og:image:type\" content=\"image\/jpeg\" \/>\n<meta name=\"twitter:card\" content=\"summary_large_image\" \/>\n<!-- \/ Yoast SEO plugin. -->","yoast_head_json":{"title":"Elegante Caft\u00e1n Marroqu\u00ed de Seda Brocada - BENT LALLA","robots":{"index":"index","follow":"follow","max-snippet":"max-snippet:-1","max-image-preview":"max-image-preview:large","max-video-preview":"max-video-preview:-1"},"canonical":"https:\/\/maisonbentlalla.com\/fr\/producto\/elegante-caftan-marroqui-de-seda-brocada\/","og_locale":"fr_FR","og_type":"article","og_title":"Elegante Caft\u00e1n Marroqu\u00ed de Seda Brocada - BENT LALLA","og_description":"Caft\u00e1n marroqu\u00ed elegante para alquiler o compra. Perfecto para ceremonias.","og_url":"https:\/\/maisonbentlalla.com\/fr\/producto\/elegante-caftan-marroqui-de-seda-brocada\/","og_site_name":"BENT LALLA","og_image":[{"width":1792,"height":1456,"url":"https:\/\/maisonbentlalla.com\/wp-content\/uploads\/2025\/02\/Leonardo_Vision_XL_Diseo_en_un_entorno_elegante_que_muestre_un_0.jpg","type":"image\/jpeg"}],"twitter_card":"summary_large_image","schema":{"@context":"https:\/\/schema.org","@graph":[{"@type":"WebPage","@id":"https:\/\/maisonbentlalla.com\/fr\/producto\/elegante-caftan-marroqui-de-seda-brocada\/","url":"https:\/\/maisonbentlalla.com\/fr\/producto\/elegante-caftan-marroqui-de-seda-brocada\/","name":"Elegante Caft\u00e1n Marroqu\u00ed de Seda Brocada - BENT LALLA","isPartOf":{"@id":"https:\/\/maisonbentlalla.com\/fr\/#website"},"primaryImageOfPage":{"@id":"https:\/\/maisonbentlalla.com\/fr\/producto\/elegante-caftan-marroqui-de-seda-brocada\/#primaryimage"},"image":{"@id":"https:\/\/maisonbentlalla.com\/fr\/producto\/elegante-caftan-marroqui-de-seda-brocada\/#primaryimage"},"thumbnailUrl":"https:\/\/maisonbentlalla.com\/wp-content\/uploads\/2025\/02\/Leonardo_Vision_XL_Diseo_en_un_entorno_elegante_que_muestre_un_0.jpg","datePublished":"2025-02-17T15:04:06+00:00","breadcrumb":{"@id":"https:\/\/maisonbentlalla.com\/fr\/producto\/elegante-caftan-marroqui-de-seda-brocada\/#breadcrumb"},"inLanguage":"fr-FR","potentialAction":[{"@type":"ReadAction","target":["https:\/\/maisonbentlalla.com\/fr\/producto\/elegante-caftan-marroqui-de-seda-brocada\/"]}]},{"@type":"ImageObject","inLanguage":"fr-FR","@id":"https:\/\/maisonbentlalla.com\/fr\/producto\/elegante-caftan-marroqui-de-seda-brocada\/#primaryimage","url":"https:\/\/maisonbentlalla.com\/wp-content\/uploads\/2025\/02\/Leonardo_Vision_XL_Diseo_en_un_entorno_elegante_que_muestre_un_0.jpg","contentUrl":"https:\/\/maisonbentlalla.com\/wp-content\/uploads\/2025\/02\/Leonardo_Vision_XL_Diseo_en_un_entorno_elegante_que_muestre_un_0.jpg","width":1792,"height":1456},{"@type":"BreadcrumbList","@id":"https:\/\/maisonbentlalla.com\/fr\/producto\/elegante-caftan-marroqui-de-seda-brocada\/#breadcrumb","itemListElement":[{"@type":"ListItem","position":1,"name":"Portada","item":"https:\/\/maisonbentlalla.com\/fr\/"},{"@type":"ListItem","position":2,"name":"Tienda","item":"https:\/\/maisonbentlalla.com\/fr\/tienda\/"},{"@type":"ListItem","position":3,"name":"Elegante Caft\u00e1n Marroqu\u00ed de Seda Brocada"}]},{"@type":"WebSite","@id":"https:\/\/maisonbentlalla.com\/fr\/#website","url":"https:\/\/maisonbentlalla.com\/fr\/","name":"BENT LALLA","description":"","potentialAction":[{"@type":"SearchAction","target":{"@type":"EntryPoint","urlTemplate":"https:\/\/maisonbentlalla.com\/fr\/?s={search_term_string}"},"query-input":{"@type":"PropertyValueSpecification","valueRequired":true,"valueName":"search_term_string"}}],"inLanguage":"fr-FR"}]}},"_links":{"self":[{"href":"https:\/\/maisonbentlalla.com\/fr\/wp-json\/wp\/v2\/product\/738","targetHints":{"allow":["GET"]}}],"collection":[{"href":"https:\/\/maisonbentlalla.com\/fr\/wp-json\/wp\/v2\/product"}],"about":[{"href":"https:\/\/maisonbentlalla.com\/fr\/wp-json\/wp\/v2\/types\/product"}],"replies":[{"embeddable":true,"href":"https:\/\/maisonbentlalla.com\/fr\/wp-json\/wp\/v2\/comments?post=738"}],"wp:featuredmedia":[{"embeddable":true,"href":"https:\/\/maisonbentlalla.com\/fr\/wp-json\/wp\/v2\/media\/377"}],"wp:attachment":[{"href":"https:\/\/maisonbentlalla.com\/fr\/wp-json\/wp\/v2\/media?parent=738"}],"wp:term":[{"taxonomy":"marca","embeddable":true,"href":"https:\/\/maisonbentlalla.com\/fr\/wp-json\/wp\/v2\/marca?post=738"},{"taxonomy":"product_brand","embeddable":true,"href":"https:\/\/maisonbentlalla.com\/fr\/wp-json\/wp\/v2\/product_brand?post=738"},{"taxonomy":"product_cat","embeddable":true,"href":"https:\/\/maisonbentlalla.com\/fr\/wp-json\/wp\/v2\/product_cat?post=738"},{"taxonomy":"product_tag","embeddable":true,"href":"https:\/\/maisonbentlalla.com\/fr\/wp-json\/wp\/v2\/product_tag?post=738"}],"curies":[{"name":"wp","href":"https:\/\/api.w.org\/{rel}","templated":true}]}}